{"id":1173,"date":"2025-03-28T08:51:22","date_gmt":"2025-03-28T08:51:22","guid":{"rendered":"https:\/\/dvpb-bayern2024sicherung.webdesign-schwaben.de\/?page_id=1173"},"modified":"2025-11-07T12:47:21","modified_gmt":"2025-11-07T12:47:21","slug":"themenfelder","status":"publish","type":"page","link":"https:\/\/mhspv-marzahn-2025.webdesign-schwaben.de\/index.php\/themenfelder\/","title":{"rendered":"Themenfelder"},"content":{"rendered":"<p>[et_pb_section fb_built=&#8220;1&#8243; _builder_version=&#8220;4.27.4&#8243; _module_preset=&#8220;default&#8220; custom_padding=&#8220;32px||44px|||&#8220; animation_style=&#8220;fade&#8220; global_colors_info=&#8220;{}&#8220;][et_pb_row _builder_version=&#8220;4.20.2&#8243; _module_preset=&#8220;default&#8220; global_colors_info=&#8220;{}&#8220;][et_pb_column type=&#8220;4_4&#8243; _builder_version=&#8220;4.16&#8243; _module_preset=&#8220;default&#8220; global_colors_info=&#8220;{}&#8220;][et_pb_text _builder_version=&#8220;4.27.4&#8243; _module_preset=&#8220;default&#8220; text_font=&#8220;Amiko||||||||&#8220; header_font=&#8220;||||||||&#8220; header_2_font=&#8220;||||||||&#8220; header_2_font_size=&#8220;32px&#8220; header_3_font=&#8220;Amiko||||||||&#8220; header_4_font=&#8220;Amiko||||||||&#8220; global_colors_info=&#8220;{}&#8220;]<\/p>\n<h2><strong>Themenfelder unseres Vereins:<\/strong><\/h2>\n<p>[\/et_pb_text][\/et_pb_column][\/et_pb_row][et_pb_row _builder_version=&#8220;4.20.2&#8243; _module_preset=&#8220;default&#8220; global_colors_info=&#8220;{}&#8220;][et_pb_column type=&#8220;4_4&#8243; _builder_version=&#8220;4.16&#8243; _module_preset=&#8220;default&#8220; global_colors_info=&#8220;{}&#8220;][et_pb_text _builder_version=&#8220;4.27.4&#8243; _module_preset=&#8220;default&#8220; text_font=&#8220;||||||||&#8220; header_font=&#8220;||||||||&#8220; header_2_font=&#8220;||||||||&#8220; header_3_font=&#8220;||||||||&#8220; header_4_font=&#8220;||||||||&#8220; global_colors_info=&#8220;{}&#8220;]<\/p>\n<div class=\"art-postmetadataheader\">\n<h2 class=\"p1\">Lorem Ipsum<\/h2>\n<\/div>\n<p>[\/et_pb_text][et_pb_text _builder_version=&#8220;4.27.4&#8243; _module_preset=&#8220;default&#8220; global_colors_info=&#8220;{}&#8220;]<\/p>\n<p>Your content goes here. Edit or remove this text inline or in the module Content settings. You can also style every aspect of this content in the module Design settings and even apply custom CSS to this text in the module Advanced settings.<\/p>\n<p>[\/et_pb_text][\/et_pb_column][\/et_pb_row][et_pb_row _builder_version=&#8220;4.20.2&#8243; _module_preset=&#8220;default&#8220; global_colors_info=&#8220;{}&#8220;][et_pb_column type=&#8220;4_4&#8243; _builder_version=&#8220;4.16&#8243; _module_preset=&#8220;default&#8220; global_colors_info=&#8220;{}&#8220;][et_pb_text _builder_version=&#8220;4.27.4&#8243; _module_preset=&#8220;default&#8220; text_font=&#8220;||||||||&#8220; header_font=&#8220;||||||||&#8220; header_2_font=&#8220;||||||||&#8220; header_3_font=&#8220;||||||||&#8220; header_4_font=&#8220;||||||||&#8220; global_colors_info=&#8220;{}&#8220;]<\/p>\n<div class=\"art-postmetadataheader\">\n<h2 class=\"p1\">Lorem Ipsum<\/h2>\n<\/div>\n<p>[\/et_pb_text][et_pb_text _builder_version=&#8220;4.27.4&#8243; _module_preset=&#8220;default&#8220; global_colors_info=&#8220;{}&#8220;]<\/p>\n<p>Your content goes here. Edit or remove this text inline or in the module Content settings. You can also style every aspect of this content in the module Design settings and even apply custom CSS to this text in the module Advanced settings.<\/p>\n<p>[\/et_pb_text][\/et_pb_column][\/et_pb_row][et_pb_row _builder_version=&#8220;4.20.2&#8243; _module_preset=&#8220;default&#8220; global_colors_info=&#8220;{}&#8220;][et_pb_column type=&#8220;4_4&#8243; _builder_version=&#8220;4.16&#8243; _module_preset=&#8220;default&#8220; global_colors_info=&#8220;{}&#8220;][et_pb_text _builder_version=&#8220;4.27.4&#8243; _module_preset=&#8220;default&#8220; text_font=&#8220;||||||||&#8220; header_font=&#8220;||||||||&#8220; header_2_font=&#8220;||||||||&#8220; header_3_font=&#8220;||||||||&#8220; header_4_font=&#8220;||||||||&#8220; global_colors_info=&#8220;{}&#8220;]<\/p>\n<div class=\"art-postmetadataheader\">\n<h2 class=\"p1\">Lorem Ipsum<\/h2>\n<\/div>\n<p>[\/et_pb_text][et_pb_text _builder_version=&#8220;4.27.4&#8243; _module_preset=&#8220;default&#8220; global_colors_info=&#8220;{}&#8220;]<\/p>\n<p>Your content goes here. Edit or remove this text inline or in the module Content settings. You can also style every aspect of this content in the module Design settings and even apply custom CSS to this text in the module Advanced settings.<\/p>\n<p>[\/et_pb_text][\/et_pb_column][\/et_pb_row][et_pb_row _builder_version=&#8220;4.20.2&#8243; _module_preset=&#8220;default&#8220; global_colors_info=&#8220;{}&#8220;][et_pb_column type=&#8220;4_4&#8243; _builder_version=&#8220;4.16&#8243; _module_preset=&#8220;default&#8220; global_colors_info=&#8220;{}&#8220;][et_pb_text _builder_version=&#8220;4.27.4&#8243; _module_preset=&#8220;default&#8220; text_font=&#8220;||||||||&#8220; header_font=&#8220;||||||||&#8220; header_2_font=&#8220;||||||||&#8220; header_3_font=&#8220;||||||||&#8220; header_4_font=&#8220;||||||||&#8220; global_colors_info=&#8220;{}&#8220;]<\/p>\n<div class=\"art-postmetadataheader\">\n<h2 class=\"p1\">Lorem Ipsum<\/h2>\n<\/div>\n<p>[\/et_pb_text][et_pb_text _builder_version=&#8220;4.27.4&#8243; _module_preset=&#8220;default&#8220; global_colors_info=&#8220;{}&#8220;]<\/p>\n<p>Your content goes here. Edit or remove this text inline or in the module Content settings. You can also style every aspect of this content in the module Design settings and even apply custom CSS to this text in the module Advanced settings.<\/p>\n<p>[\/et_pb_text][\/et_pb_column][\/et_pb_row][\/et_pb_section]<\/p>\n","protected":false},"excerpt":{"rendered":"<p>Themenfelder unseres Vereins: Lorem Ipsum Your content goes here. Edit or remove this text inline or in the module Content settings. You can also style every aspect of this content in the module Design settings and even apply custom CSS to this text in the module Advanced settings. Lorem Ipsum Your content goes here. Edit [&hellip;]<\/p>\n","protected":false},"author":1,"featured_media":0,"parent":0,"menu_order":0,"comment_status":"closed","ping_status":"closed","template":"","meta":{"_et_pb_use_builder":"on","_et_pb_old_content":"<p>[et_pb_section fb_built=\"1\" _builder_version=\"4.16\" _module_preset=\"default\" custom_padding=\"32px||44px|||\" global_colors_info=\"{}\"][et_pb_row _builder_version=\"4.20.2\" _module_preset=\"default\" global_colors_info=\"{}\"][et_pb_column type=\"4_4\" _builder_version=\"4.16\" _module_preset=\"default\" global_colors_info=\"{}\"][et_pb_text _builder_version=\"4.27.4\" _module_preset=\"default\" text_font=\"Amiko||||||||\" header_font=\"||||||||\" header_2_font=\"||||||||\" header_2_font_size=\"32px\" header_3_font=\"Amiko||||||||\" header_4_font=\"Amiko||||||||\" global_colors_info=\"{}\"]<\/p><h2><strong>Jahrestagungen<\/strong><\/h2><p>[\/et_pb_text][et_pb_text _builder_version=\"4.27.4\" _module_preset=\"default\" text_font=\"||||||||\" header_font=\"||||||||\" header_2_font=\"||||||||\" header_3_font=\"Amiko||||||||\" header_4_font=\"Amiko||||||||\" global_colors_info=\"{}\"]<\/p><div class=\"art-postmetadataheader\"><h2 class=\"art-postheader\">2023: Vor der Zerrei\u00dfprobe?<\/h2><\/div><div class=\"art-postcontent\"><div class=\"art-article\"><p><strong>Die Jahrestagung 2023 des Landesverbandes samt Mitgliederversammlulng fand am 17.\/18. November in der Georg-von-Vollmar-Akademie in Kochel am See statt.<\/strong><\/p><p>Das Thema: <strong>\"Vor der Zerrei\u00dfprobe? Unsere Gesellschaft in der Zeitenwende.\"<\/strong> In der <a title=\"zum PDF-Download\" href=\"https:\/\/mhspv-marzahn-2025.webdesign-schwaben.de\/wp-content\/uploads\/2024\/01\/fpu-2-23-web.pdf\" target=\"_blank\" rel=\"noopener\">aktuellen Ausgabe unserer Verbandszeitschrift Forum Politikunterricht finden Sie die <strong>umfassende Dokumentation der Tagung<\/strong><\/a> in Kooperation mit der Akademie f\u00fcr Politische Bildung und der Europ\u00e4ischen Akademie Bayern e.V.<\/p><\/div><\/div><p>[\/et_pb_text][et_pb_text _builder_version=\"4.27.4\" _module_preset=\"default\" text_font=\"||||||||\" header_font=\"||||||||\" header_2_font=\"||||||||\" header_3_font=\"||||||||\" header_4_font=\"||||||||\" global_colors_info=\"{}\"]<\/p><div class=\"art-postmetadataheader\"><h2 class=\"art-postheader\">Jahrestagung und Mitgliederversammlung 2022<\/h2><\/div><div class=\"art-postcontent\"><div class=\"art-article\"><p><strong>Die Jahrestagung des Landesverbandes fand vom 23. bis 25. September wieder an der Akademie f\u00fcr Politische Bildung statt. Wir danken allen Beteiligten f\u00fcr ihre Impulse und engagierte Diskussionen.<br \/><\/strong><\/p><p>Thema der Jahrestagung: \u201eRassismus und Antisemitismus als Herausforderung f\u00fcr die offene Gesellschaft\u201c , unter anderem mit Dr. Ludwig Spaenle, Beauftragter der Bayerischen Staatsregierung gegen Antisemitismus. Die Jahrestagung fand in Zusammenarbeit mit der Europ\u00e4ischen Akademie Bayern statt.<\/p><p><a href=\"https:\/\/mhspv-marzahn-2025.webdesign-schwaben.de\/index.php\/2022\/11\/02\/entsetzt-entruestet-und-dann\/\">Warum das Engagement gegen Rassismus und Antisemitismus so herausfordernd ist: Julia Bernstein, Marian Offman und Ludwig Spaenle diskutieren bei der DVPB-Jahrestagung 2022 \/ Zum Artikel<\/a><\/p><p><strong>Thematischer \u00dcberblick zur Jahrestagung 2022<\/strong><\/p><p>Die offene, demokratische Gesellschaft in Deutschland wird von mehreren Seiten bedroht. Augenf\u00e4llig ist, dass rassistische Einstellungen und Denkmuster auch in der \u00f6ffentlichen Debatte, in Politik und (digitalen) Medien verst\u00e4rkt zu vernehmen sind und in diesem Sinne allt\u00e4glicher werden. Dabei zeichnet sich einerseits eine Radikalisierung bestimmter Gruppierungen ab, die auch vor dem Einsatz von Gewalt nicht zur\u00fcckschrecken, w\u00e4hrend andere Bewegungen gerade den Schulterschluss mit der sogenannten b\u00fcrgerlichen Mitte suchen und f\u00fcr sich in Anspruch nehmen, die stille Mehrheit der Bev\u00f6lkerung zu repr\u00e4sentieren. All diese Entwicklungen wurden durch die Corona-Pandemie verst\u00e4rkt. Besonders erschreckend ist die Zunahme des latenten und offenen Antisemitismus. In Rahmen unserer Tagung besch\u00e4ftigen wir uns mit diesen Erscheinungsformen gruppenbezogener Menschenfeindlichkeit und fragen, welche Erkl\u00e4rungsans\u00e4tze es f\u00fcr diese Entwicklungen gibt. Dabei setzen wir uns nicht nur mit der Situation in Deutschland auseinander, sondern nehmen auch die Lage in L\u00e4ndern in unserer Nachbarschaft in den Blick. Ausgrenzung und Bedrohungen treffen jedoch auch auf Solidarit\u00e4t und zivilgesellschaftliches Engagement. Wir stellen daher verschiedene Ma\u00dfnahmen und Projekte aus dem Bereich der politischen Bildungsarbeit vor, die Rassismus und Antisemitismus entgegenwirken sollen. Welche Herausforderungen sich aus alledem f\u00fcr die Politik ergeben, wird Thema unserer Abschlussdiskussion sein.<\/p><p><a href=\"https:\/\/mhspv-marzahn-2025.webdesign-schwaben.de\/wp-content\/uploads\/2022\/08\/Tagungsprogramm-Rassismus-und-Antisemitismus.pdf\" rel=\"attachment wp-att-632\">Das Programm der Jahrestagung hier zum Download<\/a><\/p><p><a href=\"https:\/\/mhspv-marzahn-2025.webdesign-schwaben.de\/index.php\/2022\/11\/02\/entsetzt-entruestet-und-dann\/\"> Warum das Engagement gegen Rassismus und Antisemitismus so herausfordernd ist: Julia Bernstein, Marian Offman und Ludwig Spaenle diskutieren bei der DVPB-Jahrestagung 2022 \/ Zum Artikel<\/a><\/p><p>\u00a0<\/p><\/div><\/div><p>[\/et_pb_text][\/et_pb_column][\/et_pb_row][\/et_pb_section][et_pb_section fb_built=\"1\" _builder_version=\"4.16\" _module_preset=\"default\" background_color=\"#0C71C3\" background_enable_image=\"off\" parallax=\"on\" global_colors_info=\"{}\"][et_pb_row column_structure=\"1_2,1_2\" padding_top_bottom_link_2=\"true\" padding_left_right_link_2=\"true\" _builder_version=\"4.16\" background_color=\"RGBA(255,255,255,0)\" min_height=\"266.9px\" custom_padding=\"|30px||30px|false|true\" global_colors_info=\"{}\"][et_pb_column type=\"1_2\" _builder_version=\"4.16\" custom_padding=\"|||\" global_colors_info=\"{}\" custom_padding__hover=\"|||\"][et_pb_text _builder_version=\"4.16\" text_font=\"Amiko||||||||\" text_text_color=\"#FFFFFF\" text_font_size=\"15px\" header_font=\"Amiko||||||||\" header_4_font=\"Amiko||||||||\" header_4_text_color=\"rgba(0,0,0,0.5)\" header_4_font_size=\"14px\" header_4_line_height=\"1.5em\" global_colors_info=\"{}\"]<\/p><div>DVPB Bayern e.V.<\/div><div>c\/o Prof. Stefan Rappengl\u00fcck<\/div><h4>\u00a0<\/h4><p>[\/et_pb_text][et_pb_blurb title=\"+49 163 1731197\" use_icon=\"on\" font_icon=\"\ue090||divi||400\" icon_color=\"#FFFFFF\" image_icon_background_color=\"RGBA(255,255,255,0)\" icon_placement=\"left\" image_icon_width=\"20px\" _builder_version=\"4.17.4\" header_font=\"Amiko||||||||\" header_text_color=\"#FFFFFF\" header_font_size=\"15px\" header_line_height=\"1.8em\" body_font=\"Amiko||||||||\" background_layout=\"dark\" custom_margin=\"20px|||\" animation=\"off\" icon_font_size=\"20px\" global_colors_info=\"{}\"][\/et_pb_blurb][et_pb_blurb title=\"stefan.rappenglueck@dvpb-bayern.de\" use_icon=\"on\" font_icon=\"\ue076||divi||400\" icon_color=\"#FFFFFF\" icon_placement=\"left\" image_icon_width=\"20px\" _builder_version=\"4.16\" header_font=\"||||||||\" header_text_color=\"#FFFFFF\" header_font_size=\"15px\" header_line_height=\"1.8em\" body_font=\"||||||||\" body_text_color=\"#FFFFFF\" body_font_size=\"15px\" background_layout=\"dark\" custom_margin=\"20px|||\" animation=\"off\" icon_font_size=\"20px\" global_colors_info=\"{}\"][\/et_pb_blurb][et_pb_blurb title=\"Selma-Lagerl\u00f6f-Str. 112\" use_icon=\"on\" font_icon=\"\ue081||divi||400\" icon_color=\"#FFFFFF\" icon_placement=\"left\" image_icon_width=\"20px\" _builder_version=\"4.16\" header_font=\"Amiko||||||||\" header_text_color=\"#FFFFFF\" header_font_size=\"15px\" header_line_height=\"1.8em\" body_font=\"Amiko||||||||\" background_layout=\"dark\" custom_margin=\"20px|||\" animation=\"off\" icon_font_size=\"20px\" global_colors_info=\"{}\"]<\/p><p>81829 M\u00fcnchen<\/p><p>[\/et_pb_blurb][\/et_pb_column][et_pb_column type=\"1_2\" _builder_version=\"4.16\" custom_padding=\"|||\" global_colors_info=\"{}\" custom_padding__hover=\"|||\"][et_pb_text _builder_version=\"4.16\" _module_preset=\"default\" header_3_text_color=\"#FFFFFF\" global_colors_info=\"{}\"]<\/p><h3>Ihre Nachricht an uns:<\/h3><p>[\/et_pb_text][et_pb_contact_form email=\"stefan.rappenglueck@dvpb-bayern.de\" _builder_version=\"4.17.4\" _module_preset=\"default\" _unique_id=\"d29460f4-955e-42e9-9ad6-cc3da50b4835\" form_field_background_color=\"#FFFFFF\" form_field_text_color=\"#777777\" form_field_focus_background_color=\"#000000\" form_field_focus_text_color=\"#7CDA24\" title_font=\"Amiko||||||||\" title_text_color=\"#000000\" title_font_size=\"26px\" captcha_font=\"Amiko||||||||\" captcha_text_color=\"#FFFFFF\" captcha_font_size=\"15px\" form_field_font=\"Amiko||||||||\" form_field_font_size=\"15px\" background_color=\"RGBA(255,255,255,0)\" custom_button=\"on\" button_text_size=\"15px\" button_text_color=\"#FFFFFF\" button_letter_spacing=\"0px\" button_icon_color=\"#FFFFFF\" width=\"95%\" custom_margin=\"||||false|false\" custom_padding=\"3px|||||\" global_colors_info=\"{}\"][et_pb_contact_field field_id=\"Name\" field_title=\"Name\" _builder_version=\"4.16\" form_field_font_size=\"15px\" background_color=\"RGBA(255,255,255,0)\" background_enable_color=\"on\" global_colors_info=\"{}\" button_text_size__hover_enabled=\"off\" button_one_text_size__hover_enabled=\"off\" button_two_text_size__hover_enabled=\"off\" button_text_color__hover_enabled=\"off\" button_one_text_color__hover_enabled=\"off\" button_two_text_color__hover_enabled=\"off\" button_border_width__hover_enabled=\"off\" button_one_border_width__hover_enabled=\"off\" button_two_border_width__hover_enabled=\"off\" button_border_color__hover_enabled=\"off\" button_one_border_color__hover_enabled=\"off\" button_two_border_color__hover_enabled=\"off\" button_border_radius__hover_enabled=\"off\" button_one_border_radius__hover_enabled=\"off\" button_two_border_radius__hover_enabled=\"off\" button_letter_spacing__hover_enabled=\"off\" button_one_letter_spacing__hover_enabled=\"off\" button_two_letter_spacing__hover_enabled=\"off\" button_bg_color__hover_enabled=\"off\" button_one_bg_color__hover_enabled=\"off\" button_two_bg_color__hover_enabled=\"off\"][\/et_pb_contact_field][et_pb_contact_field field_id=\"Email\" field_title=\"E-Mail-Adresse\" field_type=\"email\" _builder_version=\"4.17.4\" background_color=\"RGBA(255,255,255,0)\" background_enable_color=\"on\" global_colors_info=\"{}\" button_text_size__hover_enabled=\"off\" button_one_text_size__hover_enabled=\"off\" button_two_text_size__hover_enabled=\"off\" button_text_color__hover_enabled=\"off\" button_one_text_color__hover_enabled=\"off\" button_two_text_color__hover_enabled=\"off\" button_border_width__hover_enabled=\"off\" button_one_border_width__hover_enabled=\"off\" button_two_border_width__hover_enabled=\"off\" button_border_color__hover_enabled=\"off\" button_one_border_color__hover_enabled=\"off\" button_two_border_color__hover_enabled=\"off\" button_border_radius__hover_enabled=\"off\" button_one_border_radius__hover_enabled=\"off\" button_two_border_radius__hover_enabled=\"off\" button_letter_spacing__hover_enabled=\"off\" button_one_letter_spacing__hover_enabled=\"off\" button_two_letter_spacing__hover_enabled=\"off\" button_bg_color__hover_enabled=\"off\" button_one_bg_color__hover_enabled=\"off\" button_two_bg_color__hover_enabled=\"off\"][\/et_pb_contact_field][et_pb_contact_field field_id=\"Message\" field_title=\"Nachricht\" field_type=\"text\" fullwidth_field=\"on\" _builder_version=\"4.16\" background_color=\"RGBA(255,255,255,0)\" background_enable_color=\"on\" global_colors_info=\"{}\" button_text_size__hover_enabled=\"off\" button_one_text_size__hover_enabled=\"off\" button_two_text_size__hover_enabled=\"off\" button_text_color__hover_enabled=\"off\" button_one_text_color__hover_enabled=\"off\" button_two_text_color__hover_enabled=\"off\" button_border_width__hover_enabled=\"off\" button_one_border_width__hover_enabled=\"off\" button_two_border_width__hover_enabled=\"off\" button_border_color__hover_enabled=\"off\" button_one_border_color__hover_enabled=\"off\" button_two_border_color__hover_enabled=\"off\" button_border_radius__hover_enabled=\"off\" button_one_border_radius__hover_enabled=\"off\" button_two_border_radius__hover_enabled=\"off\" button_letter_spacing__hover_enabled=\"off\" button_one_letter_spacing__hover_enabled=\"off\" button_two_letter_spacing__hover_enabled=\"off\" button_bg_color__hover_enabled=\"off\" button_one_bg_color__hover_enabled=\"off\" button_two_bg_color__hover_enabled=\"off\"][\/et_pb_contact_field][et_pb_contact_field field_id=\"Opt-In\" field_title=\"...\" field_type=\"checkbox\" checkbox_options=\"%91{%22value%22:%22Ich habe die Datenschutzerkl\u00e4rung zur Kenntnis genommen. Ich stimme zu, dass meine Angaben zur Kontaktaufnahme und f\u00fcr R\u00fcckfragen dauerhaft gespeichert werden. Diese Einwilligung kann jederzeit mit Wirkung f\u00fcr die Zukunft widerrufen werden.%22,%22checked%22:0,%22dragID%22:-1}%93\" fullwidth_field=\"on\" _builder_version=\"4.16\" _module_preset=\"default\" form_field_background_color=\"#a3a3a3\" form_field_text_color=\"#FFFFFF\" form_field_focus_background_color=\"#FFFFFF\" form_field_focus_text_color=\"#000000\" background_color=\"RGBA(255,255,255,0)\" background_enable_color=\"on\" custom_margin=\"-2em||||false|false\" custom_padding=\"||||false|false\" global_colors_info=\"{}\"][\/et_pb_contact_field][\/et_pb_contact_form][\/et_pb_column][\/et_pb_row][\/et_pb_section]<\/p>","_et_gb_content_width":"","footnotes":""},"class_list":["post-1173","page","type-page","status-publish","hentry"],"_links":{"self":[{"href":"https:\/\/mhspv-marzahn-2025.webdesign-schwaben.de\/index.php\/wp-json\/wp\/v2\/pages\/1173","targetHints":{"allow":["GET"]}}],"collection":[{"href":"https:\/\/mhspv-marzahn-2025.webdesign-schwaben.de\/index.php\/wp-json\/wp\/v2\/pages"}],"about":[{"href":"https:\/\/mhspv-marzahn-2025.webdesign-schwaben.de\/index.php\/wp-json\/wp\/v2\/types\/page"}],"author":[{"embeddable":true,"href":"https:\/\/mhspv-marzahn-2025.webdesign-schwaben.de\/index.php\/wp-json\/wp\/v2\/users\/1"}],"replies":[{"embeddable":true,"href":"https:\/\/mhspv-marzahn-2025.webdesign-schwaben.de\/index.php\/wp-json\/wp\/v2\/comments?post=1173"}],"version-history":[{"count":7,"href":"https:\/\/mhspv-marzahn-2025.webdesign-schwaben.de\/index.php\/wp-json\/wp\/v2\/pages\/1173\/revisions"}],"predecessor-version":[{"id":1713,"href":"https:\/\/mhspv-marzahn-2025.webdesign-schwaben.de\/index.php\/wp-json\/wp\/v2\/pages\/1173\/revisions\/1713"}],"wp:attachment":[{"href":"https:\/\/mhspv-marzahn-2025.webdesign-schwaben.de\/index.php\/wp-json\/wp\/v2\/media?parent=1173"}],"curies":[{"name":"wp","href":"https:\/\/api.w.org\/{rel}","templated":true}]}}